{"id":2,"date":"2022-12-20T16:22:18","date_gmt":"2022-12-20T16:22:18","guid":{"rendered":"https:\/\/kreaturenhaus.de\/?page_id=2"},"modified":"2022-12-23T16:21:37","modified_gmt":"2022-12-23T16:21:37","slug":"sample-page","status":"publish","type":"page","link":"https:\/\/kreaturenhaus.de\/?page_id=2","title":{"rendered":"Musik"},"content":{"rendered":"\n<p>Kreaturenhaus, radikal zusammengefasst, ist eine Band aus G\u00f6ttingen. Dazu nehme man: Einen gro\u00dfen L\u00f6ffel voll Melancholie, eine kr\u00e4ftige Prise gut gereifter Wut und einen geh\u00f6rige Portion Spa\u00df daran. Dazu gebe man drei Gitarren, einen Bass, ein dezentes Piano und ein Schlagzeug, mixe alles kr\u00e4ftig durch und schon hat man \u2013 Kreaturenhaus.<\/p>\n\n\n\n<p><\/p>\n\n\n\n<figure class=\"wp-block-embed is-type-rich is-provider-spotify wp-block-embed-spotify wp-embed-aspect-21-9 wp-has-aspect-ratio\"><div class=\"wp-block-embed__wrapper\">\n<iframe title=\"Spotify Embed: Frag Das Opfer\" style=\"border-radius: 12px\" width=\"100%\" height=\"152\" frameborder=\"0\" allowfullscreen allow=\"autoplay; clipboard-write; encrypted-media; fullscreen; picture-in-picture\" loading=\"lazy\" src=\"https:\/\/open.spotify.com\/embed\/track\/7c0z0HahRkBzzNMXAIIfdx?si=87883400f73d425a&#038;utm_source=oembed\"><\/iframe>\n<\/div><\/figure>\n\n\n\n<figure class=\"wp-block-embed is-type-rich is-provider-spotify wp-block-embed-spotify wp-embed-aspect-21-9 wp-has-aspect-ratio\"><div class=\"wp-block-embed__wrapper\">\n<iframe title=\"Spotify Embed: Schwarzes Herz\" style=\"border-radius: 12px\" width=\"100%\" height=\"152\" frameborder=\"0\" allowfullscreen allow=\"autoplay; clipboard-write; encrypted-media; fullscreen; picture-in-picture\" loading=\"lazy\" src=\"https:\/\/open.spotify.com\/embed\/track\/05Syjq4ZoS8itoTKafRgaJ?si=683002e40d9146af&#038;utm_source=oembed\"><\/iframe>\n<\/div><\/figure>\n\n\n\n<figure class=\"wp-block-embed is-type-rich is-provider-spotify wp-block-embed-spotify wp-embed-aspect-21-9 wp-has-aspect-ratio\"><div class=\"wp-block-embed__wrapper\">\n<iframe title=\"Spotify Embed: Zuhause Ist Schon Alles Erforscht\" style=\"border-radius: 12px\" width=\"100%\" height=\"152\" frameborder=\"0\" allowfullscreen allow=\"autoplay; clipboard-write; encrypted-media; fullscreen; picture-in-picture\" loading=\"lazy\" src=\"https:\/\/open.spotify.com\/embed\/track\/1OGcmiHAMr3Gybrspp1aIJ?si=761f2864e1f148c9&#038;utm_source=oembed\"><\/iframe>\n<\/div><\/figure>\n\n\n\n<figure class=\"wp-block-embed is-type-rich is-provider-spotify wp-block-embed-spotify wp-embed-aspect-21-9 wp-has-aspect-ratio\"><div class=\"wp-block-embed__wrapper\">\n<iframe title=\"Spotify Embed: Tick\" style=\"border-radius: 12px\" width=\"100%\" height=\"152\" frameborder=\"0\" allowfullscreen allow=\"autoplay; clipboard-write; encrypted-media; fullscreen; picture-in-picture\" loading=\"lazy\" src=\"https:\/\/open.spotify.com\/embed\/track\/4Dt74DEcEgHPXwttVpKKHi?si=911de2550c764ec8&#038;utm_source=oembed\"><\/iframe>\n<\/div><\/figure>\n","protected":false},"excerpt":{"rendered":"<p>Kreaturenhaus, radikal zusammengefasst, ist eine Band aus G\u00f6ttingen. Dazu nehme man: Einen gro\u00dfen L\u00f6ffel voll Melancholie, eine kr\u00e4ftige Prise gut gereifter Wut und einen geh\u00f6rige Portion Spa\u00df daran. Dazu gebe man drei Gitarren, einen Bass, ein dezentes Piano und ein Schlagzeug, mixe alles kr\u00e4ftig durch und schon hat man \u2013 Kreaturenhaus.<\/p>\n","protected":false},"author":1,"featured_media":5,"parent":0,"menu_order":0,"comment_status":"closed","ping_status":"closed","template":"","meta":[],"yoast_head":"<!-- This site is optimized with the Yoast SEO plugin v21.1 - https:\/\/yoast.com\/wordpress\/plugins\/seo\/ -->\n<title>Musik - Kreaturenhaus<\/title>\n<meta name=\"robots\" content=\"index, follow, max-snippet:-1, max-image-preview:large, max-video-preview:-1\" \/>\n<link rel=\"canonical\" href=\"https:\/\/kreaturenhaus.de\/?page_id=2\" \/>\n<meta property=\"og:locale\" content=\"de_DE\" \/>\n<meta property=\"og:type\" content=\"article\" \/>\n<meta property=\"og:title\" content=\"Musik - Kreaturenhaus\" \/>\n<meta property=\"og:description\" content=\"Kreaturenhaus, radikal zusammengefasst, ist eine Band aus G\u00f6ttingen. Dazu nehme man: Einen gro\u00dfen L\u00f6ffel voll Melancholie, eine kr\u00e4ftige Prise gut gereifter Wut und einen geh\u00f6rige Portion Spa\u00df daran. Dazu gebe man drei Gitarren, einen Bass, ein dezentes Piano und ein Schlagzeug, mixe alles kr\u00e4ftig durch und schon hat man \u2013 Kreaturenhaus.\" \/>\n<meta property=\"og:url\" content=\"https:\/\/kreaturenhaus.de\/?page_id=2\" \/>\n<meta property=\"og:site_name\" content=\"Kreaturenhaus\" \/>\n<meta property=\"article:publisher\" content=\"https:\/\/www.facebook.com\/kreaturenhaus\" \/>\n<meta property=\"article:modified_time\" content=\"2022-12-23T16:21:37+00:00\" \/>\n<meta property=\"og:image\" content=\"https:\/\/kreaturenhaus.de\/wp-content\/uploads\/2022\/12\/Logo.jpg\" \/>\n\t<meta property=\"og:image:width\" content=\"2193\" \/>\n\t<meta property=\"og:image:height\" content=\"672\" \/>\n\t<meta property=\"og:image:type\" content=\"image\/jpeg\" \/>\n<meta name=\"twitter:card\" content=\"summary_large_image\" \/>\n<meta name=\"twitter:label1\" content=\"Gesch\u00e4tzte Lesezeit\" \/>\n\t<meta name=\"twitter:data1\" content=\"1 Minute\" \/>\n<script type=\"application\/ld+json\" class=\"yoast-schema-graph\">{\"@context\":\"https:\/\/schema.org\",\"@graph\":[{\"@type\":\"WebPage\",\"@id\":\"https:\/\/kreaturenhaus.de\/?page_id=2\",\"url\":\"https:\/\/kreaturenhaus.de\/?page_id=2\",\"name\":\"Musik - Kreaturenhaus\",\"isPartOf\":{\"@id\":\"https:\/\/kreaturenhaus.de\/#website\"},\"datePublished\":\"2022-12-20T16:22:18+00:00\",\"dateModified\":\"2022-12-23T16:21:37+00:00\",\"breadcrumb\":{\"@id\":\"https:\/\/kreaturenhaus.de\/?page_id=2#breadcrumb\"},\"inLanguage\":\"de-DE\",\"potentialAction\":[{\"@type\":\"ReadAction\",\"target\":[\"https:\/\/kreaturenhaus.de\/?page_id=2\"]}]},{\"@type\":\"BreadcrumbList\",\"@id\":\"https:\/\/kreaturenhaus.de\/?page_id=2#breadcrumb\",\"itemListElement\":[{\"@type\":\"ListItem\",\"position\":1,\"name\":\"Startseite\",\"item\":\"https:\/\/kreaturenhaus.de\/\"},{\"@type\":\"ListItem\",\"position\":2,\"name\":\"Musik\"}]},{\"@type\":\"WebSite\",\"@id\":\"https:\/\/kreaturenhaus.de\/#website\",\"url\":\"https:\/\/kreaturenhaus.de\/\",\"name\":\"www.Kreaturenhaus.de\",\"description\":\"Rocks\",\"publisher\":{\"@id\":\"https:\/\/kreaturenhaus.de\/#organization\"},\"potentialAction\":[{\"@type\":\"SearchAction\",\"target\":{\"@type\":\"EntryPoint\",\"urlTemplate\":\"https:\/\/kreaturenhaus.de\/?s={search_term_string}\"},\"query-input\":\"required name=search_term_string\"}],\"inLanguage\":\"de-DE\"},{\"@type\":\"Organization\",\"@id\":\"https:\/\/kreaturenhaus.de\/#organization\",\"name\":\"www.Kreaturenhaus.de\",\"url\":\"https:\/\/kreaturenhaus.de\/\",\"logo\":{\"@type\":\"ImageObject\",\"inLanguage\":\"de-DE\",\"@id\":\"https:\/\/kreaturenhaus.de\/#\/schema\/logo\/image\/\",\"url\":\"https:\/\/kreaturenhaus.de\/wp-content\/uploads\/2022\/12\/Logo.jpg\",\"contentUrl\":\"https:\/\/kreaturenhaus.de\/wp-content\/uploads\/2022\/12\/Logo.jpg\",\"width\":2193,\"height\":672,\"caption\":\"www.Kreaturenhaus.de\"},\"image\":{\"@id\":\"https:\/\/kreaturenhaus.de\/#\/schema\/logo\/image\/\"},\"sameAs\":[\"https:\/\/www.facebook.com\/kreaturenhaus\",\"https:\/\/youtu.be\/rEkqBRDavJE\",\"https:\/\/youtu.be\/FQ6yDgc444Q\"]}]}<\/script>\n<!-- \/ Yoast SEO plugin. -->","yoast_head_json":{"title":"Musik - Kreaturenhaus","robots":{"index":"index","follow":"follow","max-snippet":"max-snippet:-1","max-image-preview":"max-image-preview:large","max-video-preview":"max-video-preview:-1"},"canonical":"https:\/\/kreaturenhaus.de\/?page_id=2","og_locale":"de_DE","og_type":"article","og_title":"Musik - Kreaturenhaus","og_description":"Kreaturenhaus, radikal zusammengefasst, ist eine Band aus G\u00f6ttingen. Dazu nehme man: Einen gro\u00dfen L\u00f6ffel voll Melancholie, eine kr\u00e4ftige Prise gut gereifter Wut und einen geh\u00f6rige Portion Spa\u00df daran. Dazu gebe man drei Gitarren, einen Bass, ein dezentes Piano und ein Schlagzeug, mixe alles kr\u00e4ftig durch und schon hat man \u2013 Kreaturenhaus.","og_url":"https:\/\/kreaturenhaus.de\/?page_id=2","og_site_name":"Kreaturenhaus","article_publisher":"https:\/\/www.facebook.com\/kreaturenhaus","article_modified_time":"2022-12-23T16:21:37+00:00","og_image":[{"width":2193,"height":672,"url":"https:\/\/kreaturenhaus.de\/wp-content\/uploads\/2022\/12\/Logo.jpg","type":"image\/jpeg"}],"twitter_card":"summary_large_image","twitter_misc":{"Gesch\u00e4tzte Lesezeit":"1 Minute"},"schema":{"@context":"https:\/\/schema.org","@graph":[{"@type":"WebPage","@id":"https:\/\/kreaturenhaus.de\/?page_id=2","url":"https:\/\/kreaturenhaus.de\/?page_id=2","name":"Musik - Kreaturenhaus","isPartOf":{"@id":"https:\/\/kreaturenhaus.de\/#website"},"datePublished":"2022-12-20T16:22:18+00:00","dateModified":"2022-12-23T16:21:37+00:00","breadcrumb":{"@id":"https:\/\/kreaturenhaus.de\/?page_id=2#breadcrumb"},"inLanguage":"de-DE","potentialAction":[{"@type":"ReadAction","target":["https:\/\/kreaturenhaus.de\/?page_id=2"]}]},{"@type":"BreadcrumbList","@id":"https:\/\/kreaturenhaus.de\/?page_id=2#breadcrumb","itemListElement":[{"@type":"ListItem","position":1,"name":"Startseite","item":"https:\/\/kreaturenhaus.de\/"},{"@type":"ListItem","position":2,"name":"Musik"}]},{"@type":"WebSite","@id":"https:\/\/kreaturenhaus.de\/#website","url":"https:\/\/kreaturenhaus.de\/","name":"www.Kreaturenhaus.de","description":"Rocks","publisher":{"@id":"https:\/\/kreaturenhaus.de\/#organization"},"potentialAction":[{"@type":"SearchAction","target":{"@type":"EntryPoint","urlTemplate":"https:\/\/kreaturenhaus.de\/?s={search_term_string}"},"query-input":"required name=search_term_string"}],"inLanguage":"de-DE"},{"@type":"Organization","@id":"https:\/\/kreaturenhaus.de\/#organization","name":"www.Kreaturenhaus.de","url":"https:\/\/kreaturenhaus.de\/","logo":{"@type":"ImageObject","inLanguage":"de-DE","@id":"https:\/\/kreaturenhaus.de\/#\/schema\/logo\/image\/","url":"https:\/\/kreaturenhaus.de\/wp-content\/uploads\/2022\/12\/Logo.jpg","contentUrl":"https:\/\/kreaturenhaus.de\/wp-content\/uploads\/2022\/12\/Logo.jpg","width":2193,"height":672,"caption":"www.Kreaturenhaus.de"},"image":{"@id":"https:\/\/kreaturenhaus.de\/#\/schema\/logo\/image\/"},"sameAs":["https:\/\/www.facebook.com\/kreaturenhaus","https:\/\/youtu.be\/rEkqBRDavJE","https:\/\/youtu.be\/FQ6yDgc444Q"]}]}},"_links":{"self":[{"href":"https:\/\/kreaturenhaus.de\/index.php?rest_route=\/wp\/v2\/pages\/2"}],"collection":[{"href":"https:\/\/kreaturenhaus.de\/index.php?rest_route=\/wp\/v2\/pages"}],"about":[{"href":"https:\/\/kreaturenhaus.de\/index.php?rest_route=\/wp\/v2\/types\/page"}],"author":[{"embeddable":true,"href":"https:\/\/kreaturenhaus.de\/index.php?rest_route=\/wp\/v2\/users\/1"}],"replies":[{"embeddable":true,"href":"https:\/\/kreaturenhaus.de\/index.php?rest_route=%2Fwp%2Fv2%2Fcomments&post=2"}],"version-history":[{"count":2,"href":"https:\/\/kreaturenhaus.de\/index.php?rest_route=\/wp\/v2\/pages\/2\/revisions"}],"predecessor-version":[{"id":54,"href":"https:\/\/kreaturenhaus.de\/index.php?rest_route=\/wp\/v2\/pages\/2\/revisions\/54"}],"wp:featuredmedia":[{"embeddable":true,"href":"https:\/\/kreaturenhaus.de\/index.php?rest_route=\/wp\/v2\/media\/5"}],"wp:attachment":[{"href":"https:\/\/kreaturenhaus.de\/index.php?rest_route=%2Fwp%2Fv2%2Fmedia&parent=2"}],"curies":[{"name":"wp","href":"https:\/\/api.w.org\/{rel}","templated":true}]}}